{"id":1491,"date":"2026-03-09T22:13:21","date_gmt":"2026-03-09T22:13:21","guid":{"rendered":"https:\/\/marketingrecepten.nl\/?page_id=1491"},"modified":"2026-03-25T12:27:28","modified_gmt":"2026-03-25T12:27:28","slug":"para-emprendedores","status":"publish","type":"page","link":"https:\/\/marketingrecepten.nl\/es\/voor-ondernemers\/","title":{"rendered":"Para empresarios"},"content":{"rendered":"<div data-elementor-type=\"wp-page\" data-elementor-id=\"1491\" class=\"elementor elementor-1491\" data-elementor-post-type=\"page\">\n\t\t\t\t<div class=\"elementor-element elementor-element-33b0eebc e-flex e-con-boxed e-con e-parent\" data-id=\"33b0eebc\" data-element_type=\"container\" data-e-type=\"container\" data-settings=\"{&quot;background_background&quot;:&quot;classic&quot;}\">\n\t\t\t\t\t<div class=\"e-con-inner\">\n\t\t<div class=\"elementor-element elementor-element-4bea589a e-con-full e-flex e-con e-child\" data-id=\"4bea589a\" data-element_type=\"container\" data-e-type=\"container\">\n\t\t\t\t<div class=\"elementor-element elementor-element-491645c3 elementor-widget elementor-widget-heading\" data-id=\"491645c3\" data-element_type=\"widget\" data-e-type=\"widget\" data-widget_type=\"heading.default\">\n\t\t\t\t\t<h1 class=\"elementor-heading-title elementor-size-default\"> <span style=\"color: #E6282E\">Marketing<\/span>recetas para empresarios.<br>\n\n<\/h1>\t\t\t\t<\/div>\n\t\t\t\t<div class=\"elementor-element elementor-element-1a224be4 elementor-widget-tablet__width-initial elementor-widget-mobile__width-inherit elementor-widget elementor-widget-text-editor\" data-id=\"1a224be4\" data-element_type=\"widget\" data-e-type=\"widget\" data-widget_type=\"text-editor.default\">\n\t\t\t\t\t\t\t\t\t<p><strong>Como empresario, te pones mil sombreros. Sabes que debes hacer \u2018algo\u2019 con el marketing, pero la vor\u00e1gine del d\u00eda a d\u00eda te domina. \u00bfEl resultado? Tiros al aire. De vez en cuando una publicaci\u00f3n en LinkedIn, un folleto r\u00e1pido o un anuncio caro que no te trae ning\u00fan cliente. Es una p\u00e9rdida de tu tiempo y de tu dinero.<\/strong><\/p><p>No tienes tiempo para hojear gruesos libros de teor\u00eda. Solo quieres la respuesta a 3 preguntas:<\/p><ul><li><strong>Visibilidad<\/strong>\u00a0\u00bfQu\u00e9 debo hacer?\u00a0<em>hoy<\/em>\u00a0\u00bfhace para destacar?<\/li><li><strong>Atracci\u00f3n<\/strong>\u00a0\u00bfC\u00f3mo traduzco mi pasi\u00f3n en una historia que toque a los clientes?<\/li><li><strong>Resultado:<\/strong>\u00a0\u00bfA qu\u00e9 botones debo girar para aumentar los ingresos estructurales?<\/li><\/ul>\t\t\t\t\t\t\t\t<\/div>\n\t\t<div class=\"elementor-element elementor-element-11de71dd e-con-full e-flex e-con e-child\" data-id=\"11de71dd\" data-element_type=\"container\" data-e-type=\"container\">\n\t\t\t\t<div class=\"elementor-element elementor-element-472ca21a elementor-button-info elementor-widget elementor-widget-button\" data-id=\"472ca21a\" data-element_type=\"widget\" data-e-type=\"widget\" data-widget_type=\"button.default\">\n\t\t\t\t\t\t\t\t\t\t<a class=\"elementor-button elementor-button-link elementor-size-sm\" href=\"https:\/\/g365.vrijeboeken.com\/book\/9789083654577-101-marketingrecepten.html\" target=\"_blank\">\n\t\t\t\t\t\t<span class=\"elementor-button-content-wrapper\">\n\t\t\t\t\t\t\t\t\t<span class=\"elementor-button-text\">Compra el libro a trav\u00e9s del editor<\/span>\n\t\t\t\t\t<\/span>\n\t\t\t\t\t<\/a>\n\t\t\t\t\t\t\t\t<\/div>\n\t\t\t\t<div class=\"elementor-element elementor-element-2b98b2a elementor-button-info elementor-widget elementor-widget-button\" data-id=\"2b98b2a\" data-element_type=\"widget\" data-e-type=\"widget\" data-widget_type=\"button.default\">\n\t\t\t\t\t\t\t\t\t\t<a class=\"elementor-button elementor-button-link elementor-size-sm\" href=\"https:\/\/www.bol.com\/nl\/nl\/p\/101-marketingrecepten\/9300000267978049\/?cid=1774376871011-4643741130232&#038;bltgh=379bb545-7b42-4fdb-9304-31116aef1009.ProductList_Middle.0.ProductTitle\" target=\"_blank\" rel=\"nofollow\">\n\t\t\t\t\t\t<span class=\"elementor-button-content-wrapper\">\n\t\t\t\t\t\t\t\t\t<span class=\"elementor-button-text\">Compra en Bol.com<\/span>\n\t\t\t\t\t<\/span>\n\t\t\t\t\t<\/a>\n\t\t\t\t\t\t\t\t<\/div>\n\t\t\t\t<\/div>\n\t\t\t\t<\/div>\n\t\t\t\t<div class=\"elementor-element elementor-element-680b70ff elementor-widget__width-initial elementor-invisible elementor-widget elementor-widget-image\" data-id=\"680b70ff\" data-element_type=\"widget\" data-e-type=\"widget\" data-settings=\"{&quot;_animation&quot;:&quot;bounceIn&quot;}\" data-widget_type=\"image.default\">\n\t\t\t\t\t\t\t\t\t\t\t\t\t\t\t<img decoding=\"async\" src=\"https:\/\/marketingrecepten.nl\/wp-content\/uploads\/2026\/03\/101-Marketingrecepten-boek-voor-ondernemers-scaled-e1773094702718.png\" title=\"101 Recetas de Marketing libro para empresarios\" alt=\"101 recetas de marketing para empresarios\" loading=\"lazy\" \/>\t\t\t\t\t\t\t\t\t\t\t\t\t\t\t<\/div>\n\t\t\t\t\t<\/div>\n\t\t\t\t<\/div>\n\t\t<div class=\"elementor-element elementor-element-80c81de e-flex e-con-boxed e-con e-parent\" data-id=\"80c81de\" data-element_type=\"container\" data-e-type=\"container\" data-settings=\"{&quot;background_background&quot;:&quot;classic&quot;}\">\n\t\t\t\t\t<div class=\"e-con-inner\">\n\t\t<div class=\"elementor-element elementor-element-ecba4f9 e-con-full e-flex e-con e-child\" data-id=\"ecba4f9\" data-element_type=\"container\" data-e-type=\"container\">\n\t\t<div class=\"elementor-element elementor-element-d1d33fd e-con-full e-flex e-con e-child\" data-id=\"d1d33fd\" data-element_type=\"container\" data-e-type=\"container\">\n\t\t\t\t<div class=\"elementor-element elementor-element-4541153 elementor-widget__width-initial elementor-widget-mobile__width-inherit elementor-widget elementor-widget-text-editor\" data-id=\"4541153\" data-element_type=\"widget\" data-e-type=\"widget\" data-widget_type=\"text-editor.default\">\n\t\t\t\t\t\t\t\t\t<p><strong>No bla bla<\/strong> \u2014 Elige 1 de los 3<\/p>\t\t\t\t\t\t\t\t<\/div>\n\t\t\t\t<\/div>\n\t\t\t\t<\/div>\n\t\t<div class=\"elementor-element elementor-element-38d3d93 e-con-full e-flex e-con e-child\" data-id=\"38d3d93\" data-element_type=\"container\" data-e-type=\"container\">\n\t\t<div class=\"elementor-element elementor-element-5e4d2d5 e-con-full animated-slow e-flex elementor-invisible e-con e-child\" data-id=\"5e4d2d5\" data-element_type=\"container\" data-e-type=\"container\" data-settings=\"{&quot;background_background&quot;:&quot;classic&quot;,&quot;animation&quot;:&quot;fadeInUp&quot;,&quot;animation_delay&quot;:0}\">\n\t\t\t\t<div class=\"elementor-element elementor-element-dd28aaf elementor-widget elementor-widget-heading\" data-id=\"dd28aaf\" data-element_type=\"widget\" data-e-type=\"widget\" data-widget_type=\"heading.default\">\n\t\t\t\t\t<span class=\"elementor-heading-title elementor-size-default\">1. <\/span>\t\t\t\t<\/div>\n\t\t\t\t<div class=\"elementor-element elementor-element-f86c446 elementor-position-block-start elementor-mobile-position-block-start elementor-view-default elementor-widget elementor-widget-icon-box\" data-id=\"f86c446\" data-element_type=\"widget\" data-e-type=\"widget\" data-widget_type=\"icon-box.default\">\n\t\t\t\t\t\t\t<div class=\"elementor-icon-box-wrapper\">\n\n\t\t\t\t\t\t<div class=\"elementor-icon-box-icon\">\n\t\t\t\t<span  class=\"elementor-icon\">\n\t\t\t\t<svg aria-hidden=\"true\" class=\"e-font-icon-svg e-fas-book-reader\" viewbox=\"0 0 512 512\" xmlns=\"http:\/\/www.w3.org\/2000\/svg\"><path d=\"M352 96c0-53.02-42.98-96-96-96s-96 42.98-96 96 42.98 96 96 96 96-42.98 96-96zM233.59 241.1c-59.33-36.32-155.43-46.3-203.79-49.05C13.55 191.13 0 203.51 0 219.14v222.8c0 14.33 11.59 26.28 26.49 27.05 43.66 2.29 131.99 10.68 193.04 41.43 9.37 4.72 20.48-1.71 20.48-11.87V252.56c-.01-4.67-2.32-8.95-6.42-11.46zm248.61-49.05c-48.35 2.74-144.46 12.73-203.78 49.05-4.1 2.51-6.41 6.96-6.41 11.63v245.79c0 10.19 11.14 16.63 20.54 11.9 61.04-30.72 149.32-39.11 192.97-41.4 14.9-.78 26.49-12.73 26.49-27.06V219.14c-.01-15.63-13.56-28.01-29.81-27.09z\"><\/path><\/svg>\t\t\t\t<\/span>\n\t\t\t<\/div>\n\t\t\t\n\t\t\t\t\t\t<div class=\"elementor-icon-box-content\">\n\n\t\t\t\t\t\t\t\t\t<div class=\"elementor-icon-box-title\">\n\t\t\t\t\t\t<span  >\n\t\t\t\t\t\t\tEl libro de cocina (Do it yourself)\t\t\t\t\t\t<\/span>\n\t\t\t\t\t<\/div>\n\t\t\t\t\n\t\t\t\t\t\t\t\t\t<p class=\"elementor-icon-box-description\">\n\t\t\t\t\t\tPara el emprendedor que quiere ganar metros al instante. Mi libro 101 Recetas de Marketing no es un libro para leer, sino para hacer.\n\nEncontrar\u00e1s 101 formatos listos para usar para tu estrategia, contenido, SEO y branding. \u00c1brelo, rell\u00e9nalo y ejec\u00fatalo.\t\t\t\t\t<\/p>\n\t\t\t\t\n\t\t\t<\/div>\n\t\t\t\n\t\t<\/div>\n\t\t\t\t\t\t<\/div>\n\t\t\t\t<div class=\"elementor-element elementor-element-f1237f0 elementor-widget elementor-widget-spacer\" data-id=\"f1237f0\" data-element_type=\"widget\" data-e-type=\"widget\" data-widget_type=\"spacer.default\">\n\t\t\t\t\t\t\t<div class=\"elementor-spacer\">\n\t\t\t<div class=\"elementor-spacer-inner\"><\/div>\n\t\t<\/div>\n\t\t\t\t\t\t<\/div>\n\t\t\t\t<div class=\"elementor-element elementor-element-6a3633b elementor-widget elementor-widget-button\" data-id=\"6a3633b\" data-element_type=\"widget\" data-e-type=\"widget\" data-widget_type=\"button.default\">\n\t\t\t\t\t\t\t\t\t\t<a class=\"elementor-button elementor-button-link elementor-size-sm\" href=\"https:\/\/g365.vrijeboeken.com\/book\/9789083654577-101-marketingrecepten.html\" target=\"_blank\" rel=\"nofollow\">\n\t\t\t\t\t\t<span class=\"elementor-button-content-wrapper\">\n\t\t\t\t\t\t\t\t\t<span class=\"elementor-button-text\">Comprar el libro<\/span>\n\t\t\t\t\t<\/span>\n\t\t\t\t\t<\/a>\n\t\t\t\t\t\t\t\t<\/div>\n\t\t\t\t<\/div>\n\t\t\t\t<\/div>\n\t\t<div class=\"elementor-element elementor-element-a0eb90f e-con-full e-flex e-con e-child\" data-id=\"a0eb90f\" data-element_type=\"container\" data-e-type=\"container\">\n\t\t<div class=\"elementor-element elementor-element-3a3cc0d e-con-full animated-slow e-flex elementor-invisible e-con e-child\" data-id=\"3a3cc0d\" data-element_type=\"container\" data-e-type=\"container\" data-settings=\"{&quot;background_background&quot;:&quot;classic&quot;,&quot;animation&quot;:&quot;fadeInUp&quot;,&quot;animation_delay&quot;:0}\">\n\t\t\t\t<div class=\"elementor-element elementor-element-f539f43 elementor-widget elementor-widget-heading\" data-id=\"f539f43\" data-element_type=\"widget\" data-e-type=\"widget\" data-widget_type=\"heading.default\">\n\t\t\t\t\t<span class=\"elementor-heading-title elementor-size-default\">2.<\/span>\t\t\t\t<\/div>\n\t\t\t\t<div class=\"elementor-element elementor-element-d4ec23b elementor-position-block-start elementor-mobile-position-block-start elementor-view-default elementor-widget elementor-widget-icon-box\" data-id=\"d4ec23b\" data-element_type=\"widget\" data-e-type=\"widget\" data-widget_type=\"icon-box.default\">\n\t\t\t\t\t\t\t<div class=\"elementor-icon-box-wrapper\">\n\n\t\t\t\t\t\t<div class=\"elementor-icon-box-icon\">\n\t\t\t\t<span  class=\"elementor-icon\">\n\t\t\t\t<svg aria-hidden=\"true\" class=\"e-font-icon-svg e-far-edit\" viewbox=\"0 0 576 512\" xmlns=\"http:\/\/www.w3.org\/2000\/svg\"><path d=\"M402.3 344.9l32-32c5-5 13.7-1.5 13.7 5.7V464c0 26.5-21.5 48-48 48H48c-26.5 0-48-21.5-48-48V112c0-26.5 21.5-48 48-48h273.5c7.1 0 10.7 8.6 5.7 13.7l-32 32c-1.5 1.5-3.5 2.3-5.7 2.3H48v352h352V350.5c0-2.1.8-4.1 2.3-5.6zm156.6-201.8L296.3 405.7l-90.4 10c-26.2 2.9-48.5-19.2-45.6-45.6l10-90.4L432.9 17.1c22.9-22.9 59.9-22.9 82.7 0l43.2 43.2c22.9 22.9 22.9 60 .1 82.8zM460.1 174L402 115.9 216.2 301.8l-7.3 65.3 65.3-7.3L460.1 174zm64.8-79.7l-43.2-43.2c-4.1-4.1-10.8-4.1-14.8 0L436 82l58.1 58.1 30.9-30.9c4-4.2 4-10.8-.1-14.9z\"><\/path><\/svg>\t\t\t\t<\/span>\n\t\t\t<\/div>\n\t\t\t\n\t\t\t\t\t\t<div class=\"elementor-icon-box-content\">\n\n\t\t\t\t\t\t\t\t\t<div class=\"elementor-icon-box-title\">\n\t\t\t\t\t\t<span  >\n\t\t\t\t\t\t\tLa Academia (Aprender Juntos)\t\t\t\t\t\t<\/span>\n\t\t\t\t\t<\/div>\n\t\t\t\t\n\t\t\t\t\t\t\t\t\t<p class=\"elementor-icon-box-description\">\n\t\t\t\t\t\tPara el empresario que busca profundidad. \u00bfEst\u00e1s atascado en una parte concreta? En mis clases magistrales y cursos (en l\u00ednea), profundizamos. Abordamos un tema -por ejemplo, estrategia de contenidos, IA para marketing o marca personal- y nos aseguramos de que al final tengas un plan concreto.\t\t\t\t\t<\/p>\n\t\t\t\t\n\t\t\t<\/div>\n\t\t\t\n\t\t<\/div>\n\t\t\t\t\t\t<\/div>\n\t\t\t\t<div class=\"elementor-element elementor-element-61b58ed elementor-widget elementor-widget-spacer\" data-id=\"61b58ed\" data-element_type=\"widget\" data-e-type=\"widget\" data-widget_type=\"spacer.default\">\n\t\t\t\t\t\t\t<div class=\"elementor-spacer\">\n\t\t\t<div class=\"elementor-spacer-inner\"><\/div>\n\t\t<\/div>\n\t\t\t\t\t\t<\/div>\n\t\t\t\t<div class=\"elementor-element elementor-element-c2f1b55 elementor-widget elementor-widget-button\" data-id=\"c2f1b55\" data-element_type=\"widget\" data-e-type=\"widget\" data-widget_type=\"button.default\">\n\t\t\t\t\t\t\t\t\t\t<a class=\"elementor-button elementor-button-link elementor-size-sm\" href=\"https:\/\/marketingrecepten.nl\/es\/contacto\/\">\n\t\t\t\t\t\t<span class=\"elementor-button-content-wrapper\">\n\t\t\t\t\t\t\t\t\t<span class=\"elementor-button-text\">Env\u00edame m\u00e1s sobre La Academia<\/span>\n\t\t\t\t\t<\/span>\n\t\t\t\t\t<\/a>\n\t\t\t\t\t\t\t\t<\/div>\n\t\t\t\t<\/div>\n\t\t\t\t<\/div>\n\t\t<div class=\"elementor-element elementor-element-9b089b7 e-con-full e-flex e-con e-child\" data-id=\"9b089b7\" data-element_type=\"container\" data-e-type=\"container\">\n\t\t<div class=\"elementor-element elementor-element-2da8351 e-con-full animated-slow e-flex elementor-invisible e-con e-child\" data-id=\"2da8351\" data-element_type=\"container\" data-e-type=\"container\" data-settings=\"{&quot;background_background&quot;:&quot;classic&quot;,&quot;animation&quot;:&quot;fadeInUp&quot;,&quot;animation_delay&quot;:0}\">\n\t\t\t\t<div class=\"elementor-element elementor-element-374e048 elementor-widget elementor-widget-heading\" data-id=\"374e048\" data-element_type=\"widget\" data-e-type=\"widget\" data-widget_type=\"heading.default\">\n\t\t\t\t\t<span class=\"elementor-heading-title elementor-size-default\">3. <\/span>\t\t\t\t<\/div>\n\t\t\t\t<div class=\"elementor-element elementor-element-ad74414 elementor-position-block-start elementor-mobile-position-block-start elementor-view-default elementor-widget elementor-widget-icon-box\" data-id=\"ad74414\" data-element_type=\"widget\" data-e-type=\"widget\" data-widget_type=\"icon-box.default\">\n\t\t\t\t\t\t\t<div class=\"elementor-icon-box-wrapper\">\n\n\t\t\t\t\t\t<div class=\"elementor-icon-box-icon\">\n\t\t\t\t<span  class=\"elementor-icon\">\n\t\t\t\t<svg aria-hidden=\"true\" class=\"e-font-icon-svg e-fas-star\" viewbox=\"0 0 576 512\" xmlns=\"http:\/\/www.w3.org\/2000\/svg\"><path d=\"M259.3 17.8L194 150.2 47.9 171.5c-26.2 3.8-36.7 36.1-17.7 54.6l105.7 103-25 145.5c-4.5 26.3 23.2 46 46.4 33.7L288 439.6l130.7 68.7c23.2 12.2 50.9-7.4 46.4-33.7l-25-145.5 105.7-103c19-18.5 8.5-50.8-17.7-54.6L382 150.2 316.7 17.8c-11.7-23.6-45.6-23.9-57.4 0z\"><\/path><\/svg>\t\t\t\t<\/span>\n\t\t\t<\/div>\n\t\t\t\n\t\t\t\t\t\t<div class=\"elementor-icon-box-content\">\n\n\t\t\t\t\t\t\t\t\t<div class=\"elementor-icon-box-title\">\n\t\t\t\t\t\t<span  >\n\t\t\t\t\t\t\tEstrategia 1 a 1 (Chef en la mesa)\t\t\t\t\t\t<\/span>\n\t\t\t\t\t<\/div>\n\t\t\t\t\n\t\t\t\t\t\t\t\t\t<p class=\"elementor-icon-box-description\">\n\t\t\t\t\t\tPara el empresario que quiere acelerar. A veces necesitas que alguien eche un vistazo fresco a tu negocio. Nada de procesos interminables, sino una aguda sesi\u00f3n de estrategia. Analizamos su enfoque actual, eliminamos lo que no funciona y a\u00f1adimos los ingredientes adecuados para el crecimiento.\t\t\t\t\t<\/p>\n\t\t\t\t\n\t\t\t<\/div>\n\t\t\t\n\t\t<\/div>\n\t\t\t\t\t\t<\/div>\n\t\t\t\t<div class=\"elementor-element elementor-element-5965872 elementor-widget elementor-widget-spacer\" data-id=\"5965872\" data-element_type=\"widget\" data-e-type=\"widget\" data-widget_type=\"spacer.default\">\n\t\t\t\t\t\t\t<div class=\"elementor-spacer\">\n\t\t\t<div class=\"elementor-spacer-inner\"><\/div>\n\t\t<\/div>\n\t\t\t\t\t\t<\/div>\n\t\t\t\t<div class=\"elementor-element elementor-element-ca28140 elementor-widget elementor-widget-button\" data-id=\"ca28140\" data-element_type=\"widget\" data-e-type=\"widget\" data-widget_type=\"button.default\">\n\t\t\t\t\t\t\t\t\t\t<a class=\"elementor-button elementor-button-link elementor-size-sm\" href=\"https:\/\/meetings-eu1.hubspot.com\/meetings\/g365-marketing\" target=\"_blank\" rel=\"nofollow\">\n\t\t\t\t\t\t<span class=\"elementor-button-content-wrapper\">\n\t\t\t\t\t\t\t\t\t<span class=\"elementor-button-text\">Programar una sesi\u00f3n de estrategia<\/span>\n\t\t\t\t\t<\/span>\n\t\t\t\t\t<\/a>\n\t\t\t\t\t\t\t\t<\/div>\n\t\t\t\t<\/div>\n\t\t\t\t<\/div>\n\t\t\t\t\t<\/div>\n\t\t\t\t<\/div>\n\t\t<div class=\"elementor-element elementor-element-6db908c e-flex e-con-boxed e-con e-parent\" data-id=\"6db908c\" data-element_type=\"container\" data-e-type=\"container\" data-settings=\"{&quot;background_background&quot;:&quot;classic&quot;}\">\n\t\t\t\t\t<div class=\"e-con-inner\">\n\t\t<div class=\"elementor-element elementor-element-47dc289 e-con-full e-flex e-con e-child\" data-id=\"47dc289\" data-element_type=\"container\" data-e-type=\"container\">\n\t\t<div class=\"elementor-element elementor-element-96bebdb e-con-full e-flex e-con e-child\" data-id=\"96bebdb\" data-element_type=\"container\" data-e-type=\"container\" data-settings=\"{&quot;background_background&quot;:&quot;classic&quot;}\">\n\t\t<div class=\"elementor-element elementor-element-d9e784d e-con-full e-flex e-con e-child\" data-id=\"d9e784d\" data-element_type=\"container\" data-e-type=\"container\" data-settings=\"{&quot;background_background&quot;:&quot;classic&quot;}\">\n\t\t\t\t<div class=\"elementor-element elementor-element-ab99c2c elementor-widget elementor-widget-spacer\" data-id=\"ab99c2c\" data-element_type=\"widget\" data-e-type=\"widget\" data-widget_type=\"spacer.default\">\n\t\t\t\t\t\t\t<div class=\"elementor-spacer\">\n\t\t\t<div class=\"elementor-spacer-inner\"><\/div>\n\t\t<\/div>\n\t\t\t\t\t\t<\/div>\n\t\t\t\t<\/div>\n\t\t\t\t<div class=\"elementor-element elementor-element-36e036c elementor-widget__width-initial elementor-widget elementor-widget-image\" data-id=\"36e036c\" data-element_type=\"widget\" data-e-type=\"widget\" data-widget_type=\"image.default\">\n\t\t\t\t\t\t\t\t\t\t\t\t\t\t\t<img fetchpriority=\"high\" decoding=\"async\" width=\"2560\" height=\"1439\" src=\"https:\/\/marketingrecepten.nl\/wp-content\/uploads\/2026\/03\/20241008-DSC04635-bewerkt-scaled.jpg\" class=\"attachment-full size-full wp-image-1450\" alt=\"Gaby Tenda\" srcset=\"https:\/\/marketingrecepten.nl\/wp-content\/uploads\/2026\/03\/20241008-DSC04635-bewerkt-scaled.jpg 2560w, https:\/\/marketingrecepten.nl\/wp-content\/uploads\/2026\/03\/20241008-DSC04635-bewerkt-300x169.jpg 300w, https:\/\/marketingrecepten.nl\/wp-content\/uploads\/2026\/03\/20241008-DSC04635-bewerkt-1024x576.jpg 1024w, https:\/\/marketingrecepten.nl\/wp-content\/uploads\/2026\/03\/20241008-DSC04635-bewerkt-768x432.jpg 768w, https:\/\/marketingrecepten.nl\/wp-content\/uploads\/2026\/03\/20241008-DSC04635-bewerkt-1536x864.jpg 1536w, https:\/\/marketingrecepten.nl\/wp-content\/uploads\/2026\/03\/20241008-DSC04635-bewerkt-2048x1152.jpg 2048w, https:\/\/marketingrecepten.nl\/wp-content\/uploads\/2026\/03\/20241008-DSC04635-bewerkt-18x10.jpg 18w\" sizes=\"(max-width: 2560px) 100vw, 2560px\" \/>\t\t\t\t\t\t\t\t\t\t\t\t\t\t\t<\/div>\n\t\t\t\t<\/div>\n\t\t\t\t<\/div>\n\t\t<div class=\"elementor-element elementor-element-cacf6f4 e-con-full e-flex e-con e-child\" data-id=\"cacf6f4\" data-element_type=\"container\" data-e-type=\"container\">\n\t\t\t\t<div class=\"elementor-element elementor-element-44c427b elementor-widget elementor-widget-heading\" data-id=\"44c427b\" data-element_type=\"widget\" data-e-type=\"widget\" data-widget_type=\"heading.default\">\n\t\t\t\t\t<h2 class=\"elementor-heading-title elementor-size-default\">Sobre Gaby Tenda<\/h2>\t\t\t\t<\/div>\n\t\t<div class=\"elementor-element elementor-element-0f1e216 e-con-full e-flex e-con e-child\" data-id=\"0f1e216\" data-element_type=\"container\" data-e-type=\"container\" data-settings=\"{&quot;background_background&quot;:&quot;classic&quot;}\">\n\t\t<div class=\"elementor-element elementor-element-b58fc22 e-con-full e-flex e-con e-child\" data-id=\"b58fc22\" data-element_type=\"container\" data-e-type=\"container\">\n\t\t<div class=\"elementor-element elementor-element-2efc420 e-con-full e-flex e-con e-child\" data-id=\"2efc420\" data-element_type=\"container\" data-e-type=\"container\">\n\t\t\t\t<div class=\"elementor-element elementor-element-06c8b2f elementor-widget elementor-widget-heading\" data-id=\"06c8b2f\" data-element_type=\"widget\" data-e-type=\"widget\" data-widget_type=\"heading.default\">\n\t\t\t\t\t<h4 class=\"elementor-heading-title elementor-size-default\">\u00bfListo para ponerte serio (\u00a1pero divertido!) con tu marketing?<\/h4>\t\t\t\t<\/div>\n\t\t\t\t<div class=\"elementor-element elementor-element-9ba6a08 elementor-widget elementor-widget-text-editor\" data-id=\"9ba6a08\" data-element_type=\"widget\" data-e-type=\"widget\" data-widget_type=\"text-editor.default\">\n\t\t\t\t\t\t\t\t\t<p>No soy un gur\u00fa que grita desde la barrera. Con 20 a\u00f1os de experiencia en marketing y ventas -tanto con grandes marcas como con PYME- s\u00e9 lo que funciona en la pr\u00e1ctica. Soy su estratega creativo que hace que el marketing vuelva a ser divertido y comprensible.<\/p>\t\t\t\t\t\t\t\t<\/div>\n\t\t\t\t<\/div>\n\t\t\t\t<\/div>\n\t\t\t\t<\/div>\n\t\t\t\t<div class=\"elementor-element elementor-element-6178a7c elementor-widget elementor-widget-button\" data-id=\"6178a7c\" data-element_type=\"widget\" data-e-type=\"widget\" data-widget_type=\"button.default\">\n\t\t\t\t\t\t\t\t\t\t<a class=\"elementor-button elementor-button-link elementor-size-sm elementor-animation-grow\" href=\"https:\/\/meetings-eu1.hubspot.com\/meetings\/g365-marketing\" target=\"_blank\">\n\t\t\t\t\t\t<span class=\"elementor-button-content-wrapper\">\n\t\t\t\t\t\t<span class=\"elementor-button-icon\">\n\t\t\t\t<svg aria-hidden=\"true\" class=\"e-font-icon-svg e-far-arrow-alt-circle-right\" viewbox=\"0 0 512 512\" xmlns=\"http:\/\/www.w3.org\/2000\/svg\"><path d=\"M504 256C504 119 393 8 256 8S8 119 8 256s111 248 248 248 248-111 248-248zm-448 0c0-110.5 89.5-200 200-200s200 89.5 200 200-89.5 200-200 200S56 366.5 56 256zm72 20v-40c0-6.6 5.4-12 12-12h116v-67c0-10.7 12.9-16 20.5-8.5l99 99c4.7 4.7 4.7 12.3 0 17l-99 99c-7.6 7.6-20.5 2.2-20.5-8.5v-67H140c-6.6 0-12-5.4-12-12z\"><\/path><\/svg>\t\t\t<\/span>\n\t\t\t\t\t\t\t\t\t<span class=\"elementor-button-text\">Programar una presentaci\u00f3n<\/span>\n\t\t\t\t\t<\/span>\n\t\t\t\t\t<\/a>\n\t\t\t\t\t\t\t\t<\/div>\n\t\t\t\t<\/div>\n\t\t\t\t\t<\/div>\n\t\t\t\t<\/div>\n\t\t\t\t<\/div>","protected":false},"excerpt":{"rendered":"<p>Marketingrecepten voor ondernemers. Als ondernemer heb je duizend petten op. Je w\u00e9\u00e9t dat je &#8216;iets&#8217; met marketing moet, maar de waan van de dag regeert. Het resultaat? Losse flodders. Af en toe een post op LinkedIn, een snelle flyer, of een dure advertentie die nul klanten oplevert. Zonde van je tijd \u00e9n je geld. Je [&hellip;]<\/p>\n","protected":false},"author":1,"featured_media":1497,"parent":0,"menu_order":0,"comment_status":"closed","ping_status":"closed","template":"","meta":{"content-type":"","footnotes":""},"class_list":["post-1491","page","type-page","status-publish","has-post-thumbnail","hentry"],"_links":{"self":[{"href":"https:\/\/marketingrecepten.nl\/es\/wp-json\/wp\/v2\/pages\/1491","targetHints":{"allow":["GET"]}}],"collection":[{"href":"https:\/\/marketingrecepten.nl\/es\/wp-json\/wp\/v2\/pages"}],"about":[{"href":"https:\/\/marketingrecepten.nl\/es\/wp-json\/wp\/v2\/types\/page"}],"author":[{"embeddable":true,"href":"https:\/\/marketingrecepten.nl\/es\/wp-json\/wp\/v2\/users\/1"}],"replies":[{"embeddable":true,"href":"https:\/\/marketingrecepten.nl\/es\/wp-json\/wp\/v2\/comments?post=1491"}],"version-history":[{"count":154,"href":"https:\/\/marketingrecepten.nl\/es\/wp-json\/wp\/v2\/pages\/1491\/revisions"}],"predecessor-version":[{"id":2029,"href":"https:\/\/marketingrecepten.nl\/es\/wp-json\/wp\/v2\/pages\/1491\/revisions\/2029"}],"wp:featuredmedia":[{"embeddable":true,"href":"https:\/\/marketingrecepten.nl\/es\/wp-json\/wp\/v2\/media\/1497"}],"wp:attachment":[{"href":"https:\/\/marketingrecepten.nl\/es\/wp-json\/wp\/v2\/media?parent=1491"}],"curies":[{"name":"wp","href":"https:\/\/api.w.org\/{rel}","templated":true}]}}